{"id":2950,"date":"2024-02-26T19:20:15","date_gmt":"2024-02-26T19:20:15","guid":{"rendered":"https:\/\/www.awefloat.com\/blog\/"},"modified":"2026-02-04T21:42:04","modified_gmt":"2026-02-04T21:42:04","slug":"blog","status":"publish","type":"page","link":"https:\/\/www.awefloat.com\/en\/blog\/","title":{"rendered":"Blog"},"content":{"rendered":"<section class=\"wpb-content-wrapper\">[vc_row][vc_column][vc_basic_grid post_type=&#8221;post&#8221; max_items=&#8221;&#8221; grid_id=&#8221;vc_gid:1770241287720-6df94f7833e350b12d6b4afbcf4218be-0&#8243; css=&#8221;.vc_custom_1767719136831{background-color: #08445e !important;background-position: 0 0 !important;background-repeat: no-repeat !important;}&#8221;][wgl_spacing spacer_size=&#8221;26&#8243;][\/vc_column][\/vc_row][vc_row full_width=&#8221;stretch_row&#8221; css=&#8221;.vc_custom_1770241319352{background-color: #000000 !important;}&#8221;][vc_column width=&#8221;1\/2&#8243; offset=&#8221;vc_col-lg-3 vc_col-md-6&#8243;][vc_column_text]<img decoding=\"async\" class=\"alignnone wp-image-1291 \" src=\"https:\/\/www.awefloat.com\/wp-content\/uploads\/2023\/08\/Awe_Logo2-300x128.webp\" alt=\"\" width=\"157\" height=\"67\" srcset=\"https:\/\/www.awefloat.com\/wp-content\/uploads\/2023\/08\/Awe_Logo2-300x128.webp 300w, https:\/\/www.awefloat.com\/wp-content\/uploads\/2023\/08\/Awe_Logo2-scaled-1080x459.webp 1080w, https:\/\/www.awefloat.com\/wp-content\/uploads\/2023\/08\/Awe_Logo2-1024x436.webp 1024w, https:\/\/www.awefloat.com\/wp-content\/uploads\/2023\/08\/Awe_Logo2-768x327.webp 768w, https:\/\/www.awefloat.com\/wp-content\/uploads\/2023\/08\/Awe_Logo2-1536x653.webp 1536w, https:\/\/www.awefloat.com\/wp-content\/uploads\/2023\/08\/Awe_Logo2-2048x871.webp 2048w\" sizes=\"(max-width: 157px) 100vw, 157px\" \/>[\/vc_column_text][wgl_spacing spacer_size=&#8221;12&#8243;][wgl_custom_text font_size=&#8221;13&#8243; line_height=&#8221;20px&#8221;]<span style=\"color: #ffffff;\">T\u00fcrkiye&#8217;nin ilk ve tek float merkezi olan AWE Float Spa, zihin ve bedeni b\u00fct\u00fcnsel bir huzur ve yenilenme deneyimine davet ediyor.<\/span>[\/wgl_custom_text][wgl_spacing spacer_size=&#8221;26&#8243;][\/vc_column][vc_column width=&#8221;1\/2&#8243; offset=&#8221;vc_col-lg-3 vc_col-md-6&#8243;][vc_row_inner][vc_column_inner][wgl_spacing spacer_size=&#8221;11px&#8221;][vc_column_text]\n<h6><span style=\"color: #ffffff;\">Bize Ula\u015f\u0131n<\/span><\/h6>\n[\/vc_column_text][\/vc_column_inner][\/vc_row_inner][vc_row_inner el_class=&#8221;hover_links&#8221;][vc_column_inner][wgl_spacing spacer_size=&#8221;26&#8243;][wgl_custom_text font_size=&#8221;13&#8243; line_height=&#8221;20px&#8221;]<span><span style=\"font-weight: bold; color: #ffffff;\" class=\"custom-weight\">Adres:<\/span>\u00a0 <span style=\"color: #ffffff;\"><a href=\"https:\/\/goo.gl\/maps\/pB9JA9kLsxAe7wXi9\" style=\"color: #ffffff;\">Barbaros Mah. Halk Cad. No:77 Ata\u015fehir\/\u0130stanbul<\/a><\/span><\/span>[\/wgl_custom_text][wgl_custom_text font_size=&#8221;13&#8243; line_height=&#8221;20px&#8221;]<span><span style=\"font-weight: bold; color: #161616;\" class=\"custom-weight\"><span style=\"color: #ffffff;\">E-mail:<\/span>\u00a0<\/span><span style=\"color: #ffffff;\"> <a href=\"mailto:info@awefloat.com\" style=\"color: #ffffff;\" class=\"footer-link\">info@awefloat.com<\/a><\/span><\/span>[\/wgl_custom_text][wgl_custom_text font_size=&#8221;13&#8243; line_height=&#8221;20px&#8221;]<span><span style=\"font-weight: bold; color: #161616;\" class=\"custom-weight\"><span style=\"color: #ffffff;\">Telefon:<\/span>\u00a0<\/span><span style=\"color: #ffffff;\"> <a href=\"tel:+905439696293\" style=\"color: #ffffff;\" class=\"footer-link\">+90 (543) 969 62 93<\/a><\/span><\/span>[\/wgl_custom_text][wgl_spacing spacer_size=&#8221;30px&#8221;][\/vc_column_inner][\/vc_row_inner][\/vc_column][vc_column width=&#8221;1\/2&#8243; offset=&#8221;vc_col-lg-3 vc_col-md-6&#8243;][vc_row_inner][vc_column_inner][wgl_spacing spacer_size=&#8221;11px&#8221;][vc_column_text]\n<h6><span style=\"color: #ffffff;\">Faydal\u0131 Linkler<\/span><\/h6>\n[\/vc_column_text][\/vc_column_inner][\/vc_row_inner][vc_row_inner][vc_column_inner][wgl_spacing spacer_size=&#8221;26&#8243;][wgl_custom_text font_size=&#8221;13&#8243; line_height=&#8221;20px&#8221;]<span style=\"color: #ffffff;\"><a href=\"https:\/\/www.awefloat.com\/en\/kvkk-aydinlatma-metni\/\" class=\"footer-link\" style=\"color: #ffffff;\">KVKK Ayd\u0131nlatma Metni<\/a><\/span>[\/wgl_custom_text][wgl_custom_text font_size=&#8221;13&#8243; line_height=&#8221;20px&#8221;]<span style=\"color: #ffffff;\"><a href=\"https:\/\/www.awefloat.com\/en\/what-is-float\/\" class=\"footer-link\" style=\"color: #ffffff;\">Float Hakk\u0131nda<\/a><\/span>[\/wgl_custom_text][wgl_custom_text font_size=&#8221;13&#8243; line_height=&#8221;20px&#8221;]<span style=\"color: #ffffff;\"><a href=\"https:\/\/www.awefloat.com\/en\/contact\/\" class=\"footer-link\" style=\"color: #ffffff;\">\u0130leti\u015fim<\/a><\/span>[\/wgl_custom_text][wgl_spacing spacer_size=&#8221;30px&#8221;][\/vc_column_inner][\/vc_row_inner][\/vc_column][vc_column width=&#8221;1\/2&#8243; offset=&#8221;vc_col-lg-3 vc_col-md-6&#8243; css=&#8221;.vc_custom_1766669499006{margin-left: -30% !important;padding-right: 50% !important;}&#8221;][wgl_spacing spacer_size=&#8221;11px&#8221;][vc_column_text]\n<h6><span style=\"color: #ffffff;\">E-B\u00fclten<\/span><\/h6>\n[\/vc_column_text][vc_row_inner][vc_column_inner css=&#8221;.vc_custom_1766669380205{border-right-width: -50% !important;}&#8221;][vc_column_text]\n<div style=\"color: #121225;\">\n<div class=\"wpcf7 no-js\" id=\"wpcf7-f354-o1\" lang=\"en-US\" dir=\"ltr\">\n<div class=\"screen-reader-response\"><p role=\"status\" aria-live=\"polite\" aria-atomic=\"true\"><\/p> <ul><\/ul><\/div>\n<form action=\"\/en\/wp-json\/wp\/v2\/pages\/2950#wpcf7-f354-o1\" method=\"post\" class=\"wpcf7-form init\" aria-label=\"Contact form\" novalidate=\"novalidate\" data-status=\"init\">\n<div style=\"display: none;\">\n<input type=\"hidden\" name=\"_wpcf7\" value=\"354\" \/>\n<input type=\"hidden\" name=\"_wpcf7_version\" value=\"5.8.1\" \/>\n<input type=\"hidden\" name=\"_wpcf7_locale\" value=\"en_US\" \/>\n<input type=\"hidden\" name=\"_wpcf7_unit_tag\" value=\"wpcf7-f354-o1\" \/>\n<input type=\"hidden\" name=\"_wpcf7_container_post\" value=\"0\" \/>\n<input type=\"hidden\" name=\"_wpcf7_posted_data_hash\" value=\"\" \/>\n<\/div>\n<span class=\"wpcf7-form-control-wrap\" data-name=\"email-961\"><input size=\"40\" class=\"wpcf7-form-control wpcf7-email wpcf7-text wpcf7-validates-as-email\" aria-invalid=\"false\" placeholder=\"E-Mail Adres\" value=\"\" type=\"email\" name=\"email-961\" \/><\/span><input class=\"wpcf7-form-control wpcf7-submit has-spinner\" type=\"submit\" value=\"G\u00f6nder\" \/><div class=\"wpcf7-response-output\" aria-hidden=\"true\"><\/div>\n<\/form>\n<\/div>\n<\/div>\n[\/vc_column_text][\/vc_column_inner][\/vc_row_inner][\/vc_column][vc_column][wgl_divider height=&#8221;1px&#8221; divider_color=&#8221;#4f4f52&#8243; divider_line_color=&#8221;#664bc4&#8243;][\/vc_column][vc_column width=&#8221;1\/2&#8243; css=&#8221;.vc_custom_1550237311162{padding-top: 20px !important;}&#8221;][wgl_soc_icons values=&#8221;%5B%7B%22icon%22%3A%22fab%20fa-instagram%22%2C%22title%22%3A%22Instagram%22%2C%22link%22%3A%22https%3A%2F%2Finstagram.com%2Fawefloat%3Figshid%3DOGQ5ZDc2ODk2ZA%3D%3D%22%2C%22custom_colors%22%3A%22true%22%2C%22new_tab%22%3A%221%22%2C%22icon_color%22%3A%22%23000000%22%2C%22icon_hover_color%22%3A%22%23000000%22%2C%22bg_color%22%3A%22%23aad2d4%22%2C%22bg_hover_color%22%3A%22%23495763%22%7D%2C%7B%22icon%22%3A%22fab%20fa-twitter%22%2C%22title%22%3A%22Twitter%22%2C%22link%22%3A%22https%3A%2F%2Fx.com%2Fawefloat%3Fs%3D11%22%2C%22custom_colors%22%3A%22true%22%2C%22new_tab%22%3A%221%22%2C%22icon_color%22%3A%22%23000000%22%2C%22icon_hover_color%22%3A%22%23000000%22%2C%22bg_color%22%3A%22%23aad2d4%22%2C%22bg_hover_color%22%3A%22%23495763%22%7D%2C%7B%22icon%22%3A%22fab%20fa-facebook-f%22%2C%22title%22%3A%22Facebook%22%2C%22link%22%3A%22https%3A%2F%2Fwww.facebook.com%2Fawefloat%22%2C%22custom_colors%22%3A%22true%22%2C%22new_tab%22%3A%221%22%2C%22icon_color%22%3A%22%23000000%22%2C%22icon_hover_color%22%3A%22%23000000%22%2C%22bg_color%22%3A%22%23aad2d4%22%2C%22bg_hover_color%22%3A%22%23495763%22%7D%2C%7B%22icon%22%3A%22fab%20fa-linkedin%22%2C%22link%22%3A%22https%3A%2F%2Ftr.linkedin.com%2Fcompany%2Fawewelnessfloatspa%22%2C%22custom_colors%22%3A%22true%22%2C%22new_tab%22%3A%22true%22%2C%22icon_color%22%3A%22%23000000%22%2C%22icon_hover_color%22%3A%22%2311162d%22%2C%22bg_color%22%3A%22%23aad2d4%22%2C%22bg_hover_color%22%3A%22%23495763%22%7D%5D&#8221; add_animated_element=&#8221;true&#8221; add_bg=&#8221;true&#8221; add_box_shadow_element=&#8221;true&#8221; icon_gap=&#8221;12&#8243; bg_size=&#8221;26&#8243; icon_size=&#8221;12&#8243; all_custom_colors=&#8221;true&#8221;][wgl_spacing spacer_size=&#8221;26&#8243;][wgl_spacing spacer_size=&#8221;26&#8243;][\/vc_column][vc_column width=&#8221;1\/2&#8243; css=&#8221;.vc_custom_1550237319194{padding-top: 20px !important;}&#8221;][wgl_custom_text font_size=&#8221;14&#8243;]\n<p style=\"text-align: right;\"><span style=\"color: #ffffff;\">Copyright \u00a9 2026 Awefloat . T\u00fcm Haklar\u0131 Sakl\u0131d\u0131r.<\/span><\/p>\n[\/wgl_custom_text][\/vc_column][\/vc_row]\n<\/section>","protected":false},"excerpt":{"rendered":"<p>[vc_row][vc_column][vc_basic_grid post_type=&#8221;post&#8221; max_items=&#8221;&#8221; grid_id=&#8221;vc_gid:1770241287720-6df94f7833e350b12d6b4afbcf4218be-0&#8243; css=&#8221;.vc_custom_1767719136831{background-color: #08445e !important;background-position: 0 0 !important;background-repeat: no-repeat !important;}&#8221;][wgl_spacing spacer_size=&#8221;26&#8243;][\/vc_column][\/vc_row][vc_row full_width=&#8221;stretch_row&#8221; css=&#8221;.vc_custom_1770241319352{background-color: #000000 !important;}&#8221;][vc_column width=&#8221;1\/2&#8243; offset=&#8221;vc_col-lg-3 vc_col-md-6&#8243;][vc_column_text][\/vc_column_text][wgl_spacing spacer_size=&#8221;12&#8243;][wgl_custom_text font_size=&#8221;13&#8243; line_height=&#8221;20px&#8221;]T\u00fcrkiye&#8217;nin ilk ve tek float merkezi olan AWE Float Spa, zihin ve bedeni b\u00fct\u00fcnsel bir huzur ve yenilenme deneyimine davet ediyor.[\/wgl_custom_text][wgl_spacing spacer_size=&#8221;26&#8243;][\/vc_column][vc_column width=&#8221;1\/2&#8243; offset=&#8221;vc_col-lg-3 vc_col-md-6&#8243;][vc_row_inner][vc_column_inner][wgl_spacing spacer_size=&#8221;11px&#8221;][vc_column_text] Bize Ula\u015f\u0131n [\/vc_column_text][\/vc_column_inner][\/vc_row_inner][vc_row_inner el_class=&#8221;hover_links&#8221;][vc_column_inner][wgl_spacing spacer_size=&#8221;26&#8243;][wgl_custom_text font_size=&#8221;13&#8243; line_height=&#8221;20px&#8221;]Adres:\u00a0 [&hellip;]<\/p>\n","protected":false},"author":1,"featured_media":0,"parent":0,"menu_order":0,"comment_status":"closed","ping_status":"closed","template":"","meta":{"footnotes":""},"class_list":["post-2950","page","type-page","status-publish","hentry"],"_links":{"self":[{"href":"https:\/\/www.awefloat.com\/en\/wp-json\/wp\/v2\/pages\/2950","targetHints":{"allow":["GET"]}}],"collection":[{"href":"https:\/\/www.awefloat.com\/en\/wp-json\/wp\/v2\/pages"}],"about":[{"href":"https:\/\/www.awefloat.com\/en\/wp-json\/wp\/v2\/types\/page"}],"author":[{"embeddable":true,"href":"https:\/\/www.awefloat.com\/en\/wp-json\/wp\/v2\/users\/1"}],"replies":[{"embeddable":true,"href":"https:\/\/www.awefloat.com\/en\/wp-json\/wp\/v2\/comments?post=2950"}],"version-history":[{"count":15,"href":"https:\/\/www.awefloat.com\/en\/wp-json\/wp\/v2\/pages\/2950\/revisions"}],"predecessor-version":[{"id":3249,"href":"https:\/\/www.awefloat.com\/en\/wp-json\/wp\/v2\/pages\/2950\/revisions\/3249"}],"wp:attachment":[{"href":"https:\/\/www.awefloat.com\/en\/wp-json\/wp\/v2\/media?parent=2950"}],"curies":[{"name":"wp","href":"https:\/\/api.w.org\/{rel}","templated":true}]}}